{"id":27,"date":"2023-08-01T14:21:24","date_gmt":"2023-08-01T14:21:24","guid":{"rendered":"http:\/\/westcustom.fi\/?page_id=27"},"modified":"2023-08-01T15:51:50","modified_gmt":"2023-08-01T15:51:50","slug":"yhteystiedot","status":"publish","type":"page","link":"http:\/\/westcustom.fi\/?page_id=27","title":{"rendered":"Yhteystiedot"},"content":{"rendered":"\n<p class=\"has-text-align-center\">Ota yhteytt\u00e4, niin toteutetaan sinunkin toiveisiin ja tarpeisiin vastaava yksil\u00f6llinen ratkaisu.<\/p>\n\n\n\n<p class=\"has-text-align-center\">WESTCUSTOM<br>K\u00e4pymets\u00e4tie 27<br>67600 KOKKOLA<br>Anne +358 40 540 6789 suomi-svenska-english<br>Kimmo +358 400 366 404<br>kimmo.ktr (\u00e4t) gmail.com<\/p>\n\n\n\n<p class=\"has-text-align-center\">Olemme vuosien aikana sisustaneet ja rakentaneet kymmeni\u00e4 ohjaamoita asiakkaiden toiveiden mukaan.<a href=\"https:\/\/www.facebook.com\/people\/Westcustom\/100057586864486\/\" data-type=\"URL\" data-id=\"https:\/\/www.facebook.com\/people\/Westcustom\/100057586864486\/\" target=\"_blank\" rel=\"noreferrer noopener\"> Facebook-sivustollamme <\/a>p\u00e4\u00e4set tutustumaan toteuttamiimme ajoneuvoihin.<\/p>\n\n\n\n<p class=\"has-text-align-center has-medium-font-size\"><\/p>\n\n\n\n<p class=\"has-medium-font-size\"><\/p>\n\n\n\n<figure class=\"wp-block-gallery has-nested-images columns-default is-cropped wp-block-gallery-1 is-layout-flex wp-block-gallery-is-layout-flex\">\n<figure class=\"wp-block-image size-large\"><img loading=\"lazy\" decoding=\"async\" width=\"1024\" height=\"768\" data-id=\"57\" src=\"http:\/\/westcustom.fi\/wp-content\/uploads\/2023\/08\/20190217_133838_resized-1-1024x768.jpg\" alt=\"\" class=\"wp-image-57\" srcset=\"http:\/\/westcustom.fi\/wp-content\/uploads\/2023\/08\/20190217_133838_resized-1-1024x768.jpg 1024w, http:\/\/westcustom.fi\/wp-content\/uploads\/2023\/08\/20190217_133838_resized-1-300x225.jpg 300w, http:\/\/westcustom.fi\/wp-content\/uploads\/2023\/08\/20190217_133838_resized-1-768x576.jpg 768w, http:\/\/westcustom.fi\/wp-content\/uploads\/2023\/08\/20190217_133838_resized-1.jpg 1280w\" sizes=\"(max-width: 767px) 89vw, (max-width: 1000px) 54vw, (max-width: 1071px) 543px, 580px\" \/><\/figure>\n\n\n\n<figure class=\"wp-block-image size-large\"><img loading=\"lazy\" decoding=\"async\" width=\"1024\" height=\"768\" data-id=\"58\" src=\"http:\/\/westcustom.fi\/wp-content\/uploads\/2023\/08\/P1040919_resized-1-1024x768.jpg\" alt=\"\" class=\"wp-image-58\" srcset=\"http:\/\/westcustom.fi\/wp-content\/uploads\/2023\/08\/P1040919_resized-1-1024x768.jpg 1024w, http:\/\/westcustom.fi\/wp-content\/uploads\/2023\/08\/P1040919_resized-1-300x225.jpg 300w, http:\/\/westcustom.fi\/wp-content\/uploads\/2023\/08\/P1040919_resized-1-768x576.jpg 768w, http:\/\/westcustom.fi\/wp-content\/uploads\/2023\/08\/P1040919_resized-1-1536x1152.jpg 1536w, http:\/\/westcustom.fi\/wp-content\/uploads\/2023\/08\/P1040919_resized-1.jpg 2000w\" sizes=\"(max-width: 767px) 89vw, (max-width: 1000px) 54vw, (max-width: 1071px) 543px, 580px\" \/><\/figure>\n<\/figure>\n","protected":false},"excerpt":{"rendered":"<p>Ota yhteytt\u00e4, niin toteutetaan sinunkin toiveisiin ja tarpeisiin vastaava yksil\u00f6llinen ratkaisu. WESTCUSTOMK\u00e4pymets\u00e4tie 2767600 KOKKOLAAnne +358 40 540 6789 suomi-svenska-englishKimmo +358 400 366 404kimmo.ktr (\u00e4t) gmail.com Olemme vuosien aikana sisustaneet ja rakentaneet kymmeni\u00e4 ohjaamoita asiakkaiden toiveiden mukaan. Facebook-sivustollamme p\u00e4\u00e4set tutustumaan toteuttamiimme ajoneuvoihin.<\/p>\n","protected":false},"author":1,"featured_media":0,"parent":0,"menu_order":0,"comment_status":"closed","ping_status":"closed","template":"","meta":{"footnotes":""},"class_list":["post-27","page","type-page","status-publish","hentry"],"_links":{"self":[{"href":"http:\/\/westcustom.fi\/index.php?rest_route=\/wp\/v2\/pages\/27"}],"collection":[{"href":"http:\/\/westcustom.fi\/index.php?rest_route=\/wp\/v2\/pages"}],"about":[{"href":"http:\/\/westcustom.fi\/index.php?rest_route=\/wp\/v2\/types\/page"}],"author":[{"embeddable":true,"href":"http:\/\/westcustom.fi\/index.php?rest_route=\/wp\/v2\/users\/1"}],"replies":[{"embeddable":true,"href":"http:\/\/westcustom.fi\/index.php?rest_route=%2Fwp%2Fv2%2Fcomments&post=27"}],"version-history":[{"count":12,"href":"http:\/\/westcustom.fi\/index.php?rest_route=\/wp\/v2\/pages\/27\/revisions"}],"predecessor-version":[{"id":94,"href":"http:\/\/westcustom.fi\/index.php?rest_route=\/wp\/v2\/pages\/27\/revisions\/94"}],"wp:attachment":[{"href":"http:\/\/westcustom.fi\/index.php?rest_route=%2Fwp%2Fv2%2Fmedia&parent=27"}],"curies":[{"name":"wp","href":"https:\/\/api.w.org\/{rel}","templated":true}]}}